{"id":2959,"date":"2025-08-14T08:09:42","date_gmt":"2025-08-14T08:09:42","guid":{"rendered":"https:\/\/aqclinics.com\/?page_id=2959"},"modified":"2025-11-19T12:28:28","modified_gmt":"2025-11-19T12:28:28","slug":"declaracion-de-accesibilidad","status":"publish","type":"page","link":"https:\/\/aqclinics.com\/en\/declaracion-de-accesibilidad\/","title":{"rendered":"Accessibility Statement"},"content":{"rendered":"<div data-elementor-type=\"wp-page\" data-elementor-id=\"2959\" class=\"elementor elementor-2959\">\n\t\t\t\t<div class=\"elementor-element elementor-element-6f9dd2d e-flex e-con-boxed wpr-particle-no wpr-jarallax-no wpr-parallax-no wpr-sticky-section-no wpr-equal-height-no e-con e-parent\" data-id=\"6f9dd2d\" data-element_type=\"container\" data-e-type=\"container\">\n\t\t\t\t\t<div class=\"e-con-inner\">\n\t\t\t\t<div class=\"elementor-element elementor-element-9be0bea elementor-widget elementor-widget-text-editor\" data-id=\"9be0bea\" data-element_type=\"widget\" data-e-type=\"widget\" data-widget_type=\"text-editor.default\">\n\t\t\t\t\t\t\t\t\t<div class=\"legal-container\" style=\"font-family: sans-serif; line-height: 1.6; color: #333; max-width: 800px; margin: 0 auto;\">\n\n    <!-- Estilos CSS incrustados (mismo dise\u00f1o corporativo) -->\n    <style>\n        .titulo-legal {\n            color: #000;\n            border-bottom: 1px solid #ccc;\n            border-left: 5px solid #F2D6D9; \/* Borde rosa corporativo *\/\n            padding-bottom: 10px;\n            padding-left: 15px; \n            margin-top: 30px;\n            margin-bottom: 15px;\n            font-size: 1.2em;\n            font-weight: bold;\n            text-transform: uppercase;\n        }\n        .destacado-legal {\n            background-color: #f9f9f9; \n            padding: 20px; \n            border-radius: 5px; \n            margin: 20px 0;\n        }\n        ul {\n            margin-bottom: 15px;\n        }\n        li {\n            margin-bottom: 10px;\n        }\n    <\/style>\n\n    <h1 style=\"text-align: center; color: #000; margin-bottom: 30px;\">DECLARACI\u00d3N DE ACCESIBILIDAD<\/h1>\n\n    <p><strong>AQClinics<\/strong> se ha comprometido a hacer accesibles sus sitios web de conformidad con la directiva Europea que se basa en la norma EN 301 549 \u201cRequisitos de accesibilidad de productos y servicios TIC\u201d y esta, a su vez, es una adaptaci\u00f3n de las Pautas de Accesibilidad para el Contenido Web (WCAG 2.1) del W3C.<\/p>\n    \n    <p>La presente declaraci\u00f3n de accesibilidad se aplica al sitio web: <a href=\"https:\/\/aqclinics.com\/en\/\" style=\"color: inherit;\">https:\/\/aqclinics.com\/<\/a><\/p>\n\n    <h3 class=\"titulo-legal\">COMPLIANCE STATUS<\/h3>\n    <p>Este sitio web es parcialmente conforme con el RD 1112\/2018 debido a las excepciones que se indican a continuaci\u00f3n.<\/p>\n\n    <h3 class=\"titulo-legal\">CONTENT NOT ACCESSIBLE<\/h3>\n    <p>The content below is not accessible for the following reasons:<\/p>\n    \n    <ul>\n        <li><strong>Falta de conformidad con el RD 1112\/2018 de 7 de Septiembre:<\/strong> En algunas de las p\u00e1ginas podr\u00edan existir criterios no cumplidos relacionados con la norma EN 301 549 \u201cRequisitos de accesibilidad de productos y servicios TIC\u201d (adaptaci\u00f3n de WCAG 2.1).<\/li>\n        <li><strong>Carga desproporcionada:<\/strong> No aplica.<\/li>\n        <li><strong>The content does not fall within the scope of applicable legislation:<\/strong>\n            <ul>\n                <li>Formatos de archivo de ofim\u00e1tica publicados antes de la entrada en vigor de este real decreto (20 de septiembre de 2018), siempre y cuando no sean necesarios para tareas administrativas activas.<\/li>\n                <li>Pre-recorded time-based multimedia content published before the entry into force of this Royal Decree.<\/li>\n                <li>Servicios de mapas y cartograf\u00eda en l\u00ednea, siempre y cuando la informaci\u00f3n esencial se proporcione de manera accesible digitalmente (en mapas para navegaci\u00f3n).<\/li>\n                <li>Third party content that is not under the control of <strong>AQClinics<\/strong>.<\/li>\n            <\/ul>\n        <\/li>\n    <\/ul>\n\n    <h3 class=\"titulo-legal\">PREPARATION OF THIS ACCESSIBILITY DECLARATION<\/h3>\n    <p>This statement was prepared on <strong>21 de noviembre de 2024<\/strong>.<\/p>\n    <p>The method used to prepare the declaration was a self-assessment conducted by the web service provider itself.<\/p>\n    <p><em>\u00daltima revisi\u00f3n de la declaraci\u00f3n: 21 de noviembre de 2024.<\/em><\/p>\n\n    <h3 class=\"titulo-legal\">COMMENTS AND CONTACT INFORMATION<\/h3>\n    <p>Puede realizar comunicaciones sobre requisitos de accesibilidad (art\u00edculo 10.2.a) del Real Decreto 1112\/2018, de 7 de septiembre, como por ejemplo:<\/p>\n    <ul>\n        <li>Report any potential non-compliance by this website.<\/li>\n        <li>Transmit other difficulties in accessing the content.<\/li>\n        <li>Make any other queries or suggestions for improvements related to the accessibility of the website.<\/li>\n    <\/ul>\n\n    <div class=\"destacado-legal\">\n        <p>Puede contactar a trav\u00e9s de las siguientes v\u00edas:<\/p>\n        <p><strong>Correo electr\u00f3nico:<\/strong> <a href=\"mailto:acmurciego@hotmail.com\" style=\"color: inherit;\">acmurciego@hotmail.com<\/a><\/p>\n        <p>Communications will be received and processed by <strong>AQClinics<\/strong>.<\/p>\n    <\/div>\n\n    <h3 class=\"titulo-legal\">APPLICATION PROCEDURE<\/h3>\n    <p>El procedimiento de reclamaci\u00f3n recogido en el art\u00edculo 13 del RD 1112\/2018 puede iniciarse a trav\u00e9s del email <a href=\"mailto:acmurciego@hotmail.com\" style=\"color: inherit;\">acmurciego@hotmail.com<\/a>.<\/p>\n\n    <h3 class=\"titulo-legal\">COMPROMISO DE LA EMPRESA<\/h3>\n    <p>The goal is to achieve compliance with all WCAG 2.1 Level A and AA requirements, along with certain AAA Level requirements considered relevant to improving the user&#039;s experience of using the website.<\/p>\n\n    <p style=\"margin-top: 40px; font-size: 0.9em; color: #666;\"><em>\u00daltima actualizaci\u00f3n: Noviembre 2025<\/em><\/p>\n<\/div>\t\t\t\t\t\t\t\t<\/div>\n\t\t\t\t\t<\/div>\n\t\t\t\t<\/div>\n\t\t\t\t<\/div>","protected":false},"excerpt":{"rendered":"<p>DECLARACI\u00d3N DE ACCESIBILIDAD AQClinics se ha comprometido a hacer accesibles sus sitios web de conformidad con la directiva Europea que se basa en la norma EN 301 549 \u201cRequisitos de accesibilidad de productos y servicios TIC\u201d y esta, a su vez, es una adaptaci\u00f3n de las Pautas de Accesibilidad para el Contenido Web (WCAG 2.1) del W3C. La presente declaraci\u00f3n de accesibilidad se aplica al sitio web: https:\/\/aqclinics.com\/ SITUACI\u00d3N DE CUMPLIMIENTO Este sitio web es parcialmente conforme con el RD 1112\/2018 debido a las excepciones que se indican a continuaci\u00f3n. CONTENIDO NO ACCESIBLE El contenido que se recoge a continuaci\u00f3n no es accesible por lo siguiente: Falta de conformidad con el RD 1112\/2018 de 7 de Septiembre: En algunas de las p\u00e1ginas podr\u00edan existir criterios no cumplidos relacionados con la norma EN 301 549 \u201cRequisitos de accesibilidad de productos y servicios TIC\u201d (adaptaci\u00f3n de WCAG 2.1). Carga desproporcionada: No aplica. El contenido no entra dentro del \u00e1mbito de la legislaci\u00f3n aplicable: Formatos de archivo de ofim\u00e1tica publicados antes de la entrada en vigor de este real decreto (20 de septiembre de 2018), siempre y cuando no sean necesarios para tareas administrativas activas. Contenido multimedia de base temporal pregrabado publicado antes de la entrada en vigor de este real decreto. Servicios de mapas y cartograf\u00eda en l\u00ednea, siempre y cuando la informaci\u00f3n esencial se proporcione de manera accesible digitalmente (en mapas para navegaci\u00f3n). Contenidos de terceros que no est\u00e9n bajo el control de AQClinics. PREPARACI\u00d3N DE LA PRESENTE DECLARACI\u00d3N DE ACCESIBILIDAD La presente declaraci\u00f3n fue preparada el 21 de noviembre de 2024. El m\u00e9todo empleado para preparar la declaraci\u00f3n ha sido una autoevaluaci\u00f3n llevada a cabo por la propia empresa proveedora de servicios web. \u00daltima revisi\u00f3n de la declaraci\u00f3n: 21 de noviembre de 2024. OBSERVACIONES Y DATOS DE CONTACTO Puede realizar comunicaciones sobre requisitos de accesibilidad (art\u00edculo 10.2.a) del Real Decreto 1112\/2018, de 7 de septiembre, como por ejemplo: Informar sobre cualquier posible incumplimiento por parte de este sitio web. Transmitir otras dificultades de acceso al contenido. Formular cualquier otra consulta o sugerencia de mejora relativa a la accesibilidad del sitio web. Puede contactar a trav\u00e9s de las siguientes v\u00edas: Correo electr\u00f3nico: acmurciego@hotmail.com Las comunicaciones ser\u00e1n recibidas y tratadas por AQClinics. PROCEDIMIENTO DE APLICACI\u00d3N El procedimiento de reclamaci\u00f3n recogido en el art\u00edculo 13 del RD 1112\/2018 puede iniciarse a trav\u00e9s del email acmurciego@hotmail.com. COMPROMISO DE LA EMPRESA Se establece como objetivo alcanzar el cumplimiento de todos los requisitos de nivel A y AA de la WCAG 2.1 junto a ciertos requisitos de nivel AAA considerados relevantes para la mejora de la experiencia de uso de la web por parte del usuario. \u00daltima actualizaci\u00f3n: Noviembre 2025<\/p>","protected":false},"author":2,"featured_media":0,"parent":0,"menu_order":0,"comment_status":"closed","ping_status":"closed","template":"elementor_header_footer","meta":{"footnotes":""},"class_list":["post-2959","page","type-page","status-publish","hentry"],"yoast_head":"<!-- This site is optimized with the Yoast SEO plugin v27.2 - https:\/\/yoast.com\/product\/yoast-seo-wordpress\/ -->\n<title>Declaraci\u00f3n de Accesibilidad - aqclinics.com<\/title>\n<meta name=\"robots\" content=\"index, follow, max-snippet:-1, max-image-preview:large, max-video-preview:-1\" \/>\n<link rel=\"canonical\" href=\"https:\/\/aqclinics.com\/en\/declaracion-de-accesibilidad\/\" \/>\n<meta property=\"og:locale\" content=\"en_US\" \/>\n<meta property=\"og:type\" content=\"article\" \/>\n<meta property=\"og:title\" content=\"Declaraci\u00f3n de Accesibilidad - aqclinics.com\" \/>\n<meta property=\"og:description\" content=\"DECLARACI\u00d3N DE ACCESIBILIDAD AQClinics se ha comprometido a hacer accesibles sus sitios web de conformidad con la directiva Europea que se basa en la norma EN 301 549 \u201cRequisitos de accesibilidad de productos y servicios TIC\u201d y esta, a su vez, es una adaptaci\u00f3n de las Pautas de Accesibilidad para el Contenido Web (WCAG 2.1) del W3C. La presente declaraci\u00f3n de accesibilidad se aplica al sitio web: https:\/\/aqclinics.com\/ SITUACI\u00d3N DE CUMPLIMIENTO Este sitio web es parcialmente conforme con el RD 1112\/2018 debido a las excepciones que se indican a continuaci\u00f3n. CONTENIDO NO ACCESIBLE El contenido que se recoge a continuaci\u00f3n no es accesible por lo siguiente: Falta de conformidad con el RD 1112\/2018 de 7 de Septiembre: En algunas de las p\u00e1ginas podr\u00edan existir criterios no cumplidos relacionados con la norma EN 301 549 \u201cRequisitos de accesibilidad de productos y servicios TIC\u201d (adaptaci\u00f3n de WCAG 2.1). Carga desproporcionada: No aplica. El contenido no entra dentro del \u00e1mbito de la legislaci\u00f3n aplicable: Formatos de archivo de ofim\u00e1tica publicados antes de la entrada en vigor de este real decreto (20 de septiembre de 2018), siempre y cuando no sean necesarios para tareas administrativas activas. Contenido multimedia de base temporal pregrabado publicado antes de la entrada en vigor de este real decreto. Servicios de mapas y cartograf\u00eda en l\u00ednea, siempre y cuando la informaci\u00f3n esencial se proporcione de manera accesible digitalmente (en mapas para navegaci\u00f3n). Contenidos de terceros que no est\u00e9n bajo el control de AQClinics. PREPARACI\u00d3N DE LA PRESENTE DECLARACI\u00d3N DE ACCESIBILIDAD La presente declaraci\u00f3n fue preparada el 21 de noviembre de 2024. El m\u00e9todo empleado para preparar la declaraci\u00f3n ha sido una autoevaluaci\u00f3n llevada a cabo por la propia empresa proveedora de servicios web. \u00daltima revisi\u00f3n de la declaraci\u00f3n: 21 de noviembre de 2024. OBSERVACIONES Y DATOS DE CONTACTO Puede realizar comunicaciones sobre requisitos de accesibilidad (art\u00edculo 10.2.a) del Real Decreto 1112\/2018, de 7 de septiembre, como por ejemplo: Informar sobre cualquier posible incumplimiento por parte de este sitio web. Transmitir otras dificultades de acceso al contenido. Formular cualquier otra consulta o sugerencia de mejora relativa a la accesibilidad del sitio web. Puede contactar a trav\u00e9s de las siguientes v\u00edas: Correo electr\u00f3nico: acmurciego@hotmail.com Las comunicaciones ser\u00e1n recibidas y tratadas por AQClinics. PROCEDIMIENTO DE APLICACI\u00d3N El procedimiento de reclamaci\u00f3n recogido en el art\u00edculo 13 del RD 1112\/2018 puede iniciarse a trav\u00e9s del email acmurciego@hotmail.com. COMPROMISO DE LA EMPRESA Se establece como objetivo alcanzar el cumplimiento de todos los requisitos de nivel A y AA de la WCAG 2.1 junto a ciertos requisitos de nivel AAA considerados relevantes para la mejora de la experiencia de uso de la web por parte del usuario. \u00daltima actualizaci\u00f3n: Noviembre 2025\" \/>\n<meta property=\"og:url\" content=\"https:\/\/aqclinics.com\/en\/declaracion-de-accesibilidad\/\" \/>\n<meta property=\"og:site_name\" content=\"aqclinics.com\" \/>\n<meta property=\"article:modified_time\" content=\"2025-11-19T12:28:28+00:00\" \/>\n<meta name=\"twitter:card\" content=\"summary_large_image\" \/>\n<meta name=\"twitter:label1\" content=\"Est. reading time\" \/>\n\t<meta name=\"twitter:data1\" content=\"3 minutes\" \/>\n<script type=\"application\/ld+json\" class=\"yoast-schema-graph\">{\"@context\":\"https:\/\/schema.org\",\"@graph\":[{\"@type\":\"WebPage\",\"@id\":\"https:\/\/aqclinics.com\/declaracion-de-accesibilidad\/\",\"url\":\"https:\/\/aqclinics.com\/declaracion-de-accesibilidad\/\",\"name\":\"Declaraci\u00f3n de Accesibilidad - aqclinics.com\",\"isPartOf\":{\"@id\":\"https:\/\/aqclinics.com\/#website\"},\"datePublished\":\"2025-08-14T08:09:42+00:00\",\"dateModified\":\"2025-11-19T12:28:28+00:00\",\"breadcrumb\":{\"@id\":\"https:\/\/aqclinics.com\/declaracion-de-accesibilidad\/#breadcrumb\"},\"inLanguage\":\"en-US\",\"potentialAction\":[{\"@type\":\"ReadAction\",\"target\":[\"https:\/\/aqclinics.com\/declaracion-de-accesibilidad\/\"]}]},{\"@type\":\"BreadcrumbList\",\"@id\":\"https:\/\/aqclinics.com\/declaracion-de-accesibilidad\/#breadcrumb\",\"itemListElement\":[{\"@type\":\"ListItem\",\"position\":1,\"name\":\"Portada\",\"item\":\"https:\/\/aqclinics.com\/\"},{\"@type\":\"ListItem\",\"position\":2,\"name\":\"Declaraci\u00f3n de Accesibilidad\"}]},{\"@type\":\"WebSite\",\"@id\":\"https:\/\/aqclinics.com\/#website\",\"url\":\"https:\/\/aqclinics.com\/\",\"name\":\"aqclinics.com\",\"description\":\"La Dra. \u00c1ngela Casquero, m\u00e9dico est\u00e9tico con amplia experiencia, combina ciencia y naturalidad para realzar la belleza de cada paciente con tratamientos seguros, personalizados y de \u00faltima generaci\u00f3n.\",\"publisher\":{\"@id\":\"https:\/\/aqclinics.com\/#organization\"},\"potentialAction\":[{\"@type\":\"SearchAction\",\"target\":{\"@type\":\"EntryPoint\",\"urlTemplate\":\"https:\/\/aqclinics.com\/?s={search_term_string}\"},\"query-input\":{\"@type\":\"PropertyValueSpecification\",\"valueRequired\":true,\"valueName\":\"search_term_string\"}}],\"inLanguage\":\"en-US\"},{\"@type\":\"Organization\",\"@id\":\"https:\/\/aqclinics.com\/#organization\",\"name\":\"aqclinics.com\",\"url\":\"https:\/\/aqclinics.com\/\",\"logo\":{\"@type\":\"ImageObject\",\"inLanguage\":\"en-US\",\"@id\":\"https:\/\/aqclinics.com\/#\/schema\/logo\/image\/\",\"url\":\"https:\/\/aqclinics.com\/wp-content\/uploads\/2021\/12\/3.png\",\"contentUrl\":\"https:\/\/aqclinics.com\/wp-content\/uploads\/2021\/12\/3.png\",\"width\":1024,\"height\":1024,\"caption\":\"aqclinics.com\"},\"image\":{\"@id\":\"https:\/\/aqclinics.com\/#\/schema\/logo\/image\/\"}}]}<\/script>\n<!-- \/ Yoast SEO plugin. -->","yoast_head_json":{"title":"Declaraci\u00f3n de Accesibilidad - aqclinics.com","robots":{"index":"index","follow":"follow","max-snippet":"max-snippet:-1","max-image-preview":"max-image-preview:large","max-video-preview":"max-video-preview:-1"},"canonical":"https:\/\/aqclinics.com\/en\/declaracion-de-accesibilidad\/","og_locale":"en_US","og_type":"article","og_title":"Declaraci\u00f3n de Accesibilidad - aqclinics.com","og_description":"DECLARACI\u00d3N DE ACCESIBILIDAD AQClinics se ha comprometido a hacer accesibles sus sitios web de conformidad con la directiva Europea que se basa en la norma EN 301 549 \u201cRequisitos de accesibilidad de productos y servicios TIC\u201d y esta, a su vez, es una adaptaci\u00f3n de las Pautas de Accesibilidad para el Contenido Web (WCAG 2.1) del W3C. La presente declaraci\u00f3n de accesibilidad se aplica al sitio web: https:\/\/aqclinics.com\/ SITUACI\u00d3N DE CUMPLIMIENTO Este sitio web es parcialmente conforme con el RD 1112\/2018 debido a las excepciones que se indican a continuaci\u00f3n. CONTENIDO NO ACCESIBLE El contenido que se recoge a continuaci\u00f3n no es accesible por lo siguiente: Falta de conformidad con el RD 1112\/2018 de 7 de Septiembre: En algunas de las p\u00e1ginas podr\u00edan existir criterios no cumplidos relacionados con la norma EN 301 549 \u201cRequisitos de accesibilidad de productos y servicios TIC\u201d (adaptaci\u00f3n de WCAG 2.1). Carga desproporcionada: No aplica. El contenido no entra dentro del \u00e1mbito de la legislaci\u00f3n aplicable: Formatos de archivo de ofim\u00e1tica publicados antes de la entrada en vigor de este real decreto (20 de septiembre de 2018), siempre y cuando no sean necesarios para tareas administrativas activas. Contenido multimedia de base temporal pregrabado publicado antes de la entrada en vigor de este real decreto. Servicios de mapas y cartograf\u00eda en l\u00ednea, siempre y cuando la informaci\u00f3n esencial se proporcione de manera accesible digitalmente (en mapas para navegaci\u00f3n). Contenidos de terceros que no est\u00e9n bajo el control de AQClinics. PREPARACI\u00d3N DE LA PRESENTE DECLARACI\u00d3N DE ACCESIBILIDAD La presente declaraci\u00f3n fue preparada el 21 de noviembre de 2024. El m\u00e9todo empleado para preparar la declaraci\u00f3n ha sido una autoevaluaci\u00f3n llevada a cabo por la propia empresa proveedora de servicios web. \u00daltima revisi\u00f3n de la declaraci\u00f3n: 21 de noviembre de 2024. OBSERVACIONES Y DATOS DE CONTACTO Puede realizar comunicaciones sobre requisitos de accesibilidad (art\u00edculo 10.2.a) del Real Decreto 1112\/2018, de 7 de septiembre, como por ejemplo: Informar sobre cualquier posible incumplimiento por parte de este sitio web. Transmitir otras dificultades de acceso al contenido. Formular cualquier otra consulta o sugerencia de mejora relativa a la accesibilidad del sitio web. Puede contactar a trav\u00e9s de las siguientes v\u00edas: Correo electr\u00f3nico: acmurciego@hotmail.com Las comunicaciones ser\u00e1n recibidas y tratadas por AQClinics. PROCEDIMIENTO DE APLICACI\u00d3N El procedimiento de reclamaci\u00f3n recogido en el art\u00edculo 13 del RD 1112\/2018 puede iniciarse a trav\u00e9s del email acmurciego@hotmail.com. COMPROMISO DE LA EMPRESA Se establece como objetivo alcanzar el cumplimiento de todos los requisitos de nivel A y AA de la WCAG 2.1 junto a ciertos requisitos de nivel AAA considerados relevantes para la mejora de la experiencia de uso de la web por parte del usuario. \u00daltima actualizaci\u00f3n: Noviembre 2025","og_url":"https:\/\/aqclinics.com\/en\/declaracion-de-accesibilidad\/","og_site_name":"aqclinics.com","article_modified_time":"2025-11-19T12:28:28+00:00","twitter_card":"summary_large_image","twitter_misc":{"Est. reading time":"3 minutes"},"schema":{"@context":"https:\/\/schema.org","@graph":[{"@type":"WebPage","@id":"https:\/\/aqclinics.com\/declaracion-de-accesibilidad\/","url":"https:\/\/aqclinics.com\/declaracion-de-accesibilidad\/","name":"Declaraci\u00f3n de Accesibilidad - aqclinics.com","isPartOf":{"@id":"https:\/\/aqclinics.com\/#website"},"datePublished":"2025-08-14T08:09:42+00:00","dateModified":"2025-11-19T12:28:28+00:00","breadcrumb":{"@id":"https:\/\/aqclinics.com\/declaracion-de-accesibilidad\/#breadcrumb"},"inLanguage":"en-US","potentialAction":[{"@type":"ReadAction","target":["https:\/\/aqclinics.com\/declaracion-de-accesibilidad\/"]}]},{"@type":"BreadcrumbList","@id":"https:\/\/aqclinics.com\/declaracion-de-accesibilidad\/#breadcrumb","itemListElement":[{"@type":"ListItem","position":1,"name":"Portada","item":"https:\/\/aqclinics.com\/"},{"@type":"ListItem","position":2,"name":"Declaraci\u00f3n de Accesibilidad"}]},{"@type":"WebSite","@id":"https:\/\/aqclinics.com\/#website","url":"https:\/\/aqclinics.com\/","name":"aqclinics.com","description":"La Dra. \u00c1ngela Casquero, m\u00e9dico est\u00e9tico con amplia experiencia, combina ciencia y naturalidad para realzar la belleza de cada paciente con tratamientos seguros, personalizados y de \u00faltima generaci\u00f3n.","publisher":{"@id":"https:\/\/aqclinics.com\/#organization"},"potentialAction":[{"@type":"SearchAction","target":{"@type":"EntryPoint","urlTemplate":"https:\/\/aqclinics.com\/?s={search_term_string}"},"query-input":{"@type":"PropertyValueSpecification","valueRequired":true,"valueName":"search_term_string"}}],"inLanguage":"en-US"},{"@type":"Organization","@id":"https:\/\/aqclinics.com\/#organization","name":"aqclinics.com","url":"https:\/\/aqclinics.com\/","logo":{"@type":"ImageObject","inLanguage":"en-US","@id":"https:\/\/aqclinics.com\/#\/schema\/logo\/image\/","url":"https:\/\/aqclinics.com\/wp-content\/uploads\/2021\/12\/3.png","contentUrl":"https:\/\/aqclinics.com\/wp-content\/uploads\/2021\/12\/3.png","width":1024,"height":1024,"caption":"aqclinics.com"},"image":{"@id":"https:\/\/aqclinics.com\/#\/schema\/logo\/image\/"}}]}},"_links":{"self":[{"href":"https:\/\/aqclinics.com\/en\/wp-json\/wp\/v2\/pages\/2959","targetHints":{"allow":["GET"]}}],"collection":[{"href":"https:\/\/aqclinics.com\/en\/wp-json\/wp\/v2\/pages"}],"about":[{"href":"https:\/\/aqclinics.com\/en\/wp-json\/wp\/v2\/types\/page"}],"author":[{"embeddable":true,"href":"https:\/\/aqclinics.com\/en\/wp-json\/wp\/v2\/users\/2"}],"replies":[{"embeddable":true,"href":"https:\/\/aqclinics.com\/en\/wp-json\/wp\/v2\/comments?post=2959"}],"version-history":[{"count":10,"href":"https:\/\/aqclinics.com\/en\/wp-json\/wp\/v2\/pages\/2959\/revisions"}],"predecessor-version":[{"id":3319,"href":"https:\/\/aqclinics.com\/en\/wp-json\/wp\/v2\/pages\/2959\/revisions\/3319"}],"wp:attachment":[{"href":"https:\/\/aqclinics.com\/en\/wp-json\/wp\/v2\/media?parent=2959"}],"curies":[{"name":"wp","href":"https:\/\/api.w.org\/{rel}","templated":true}]}}