{"id":2364,"date":"2025-07-17T10:39:12","date_gmt":"2025-07-17T10:39:12","guid":{"rendered":"https:\/\/aqclinics.com\/?page_id=2364"},"modified":"2025-07-17T11:01:12","modified_gmt":"2025-07-17T11:01:12","slug":"elementor-2364","status":"publish","type":"page","link":"https:\/\/aqclinics.com\/en\/elementor-2364\/","title":{"rendered":"P\u00e1gina de construcci\u00f3n"},"content":{"rendered":"<div data-elementor-type=\"wp-page\" data-elementor-id=\"2364\" class=\"elementor elementor-2364\">\n\t\t\t\t<div class=\"elementor-element elementor-element-58850042 e-con-full e-flex wpr-particle-no wpr-jarallax-no wpr-parallax-no wpr-sticky-section-no wpr-equal-height-no e-con e-parent\" data-id=\"58850042\" data-element_type=\"container\" data-e-type=\"container\" data-settings=\"{&quot;background_background&quot;:&quot;classic&quot;}\">\n\t\t\t\t<div class=\"elementor-element elementor-element-19f7265a elementor-widget elementor-widget-heading\" data-id=\"19f7265a\" data-element_type=\"widget\" data-e-type=\"widget\" data-widget_type=\"heading.default\">\n\t\t\t\t\t<h1 class=\"elementor-heading-title elementor-size-default\">We&#039;re building something amazing!<\/h1>\t\t\t\t<\/div>\n\t\t\t\t<div class=\"elementor-element elementor-element-26f8785 elementor-widget elementor-widget-image\" data-id=\"26f8785\" data-element_type=\"widget\" data-e-type=\"widget\" data-widget_type=\"image.default\">\n\t\t\t\t\t\t\t\t\t\t\t\t\t\t\t<img fetchpriority=\"high\" decoding=\"async\" width=\"960\" height=\"960\" src=\"https:\/\/aqclinics.com\/wp-content\/uploads\/2025\/07\/LOGO-AQ-CLINICS-1024x1024.png\" class=\"attachment-large size-large wp-image-2369\" alt=\"LOGO-AQ-CLINICS\" srcset=\"https:\/\/aqclinics.com\/wp-content\/uploads\/2025\/07\/LOGO-AQ-CLINICS-1024x1024.png 1024w, https:\/\/aqclinics.com\/wp-content\/uploads\/2025\/07\/LOGO-AQ-CLINICS-300x300.png 300w, https:\/\/aqclinics.com\/wp-content\/uploads\/2025\/07\/LOGO-AQ-CLINICS-150x150.png 150w, https:\/\/aqclinics.com\/wp-content\/uploads\/2025\/07\/LOGO-AQ-CLINICS-768x768.png 768w, https:\/\/aqclinics.com\/wp-content\/uploads\/2025\/07\/LOGO-AQ-CLINICS-1536x1536.png 1536w, https:\/\/aqclinics.com\/wp-content\/uploads\/2025\/07\/LOGO-AQ-CLINICS-2048x2048.png 2048w\" sizes=\"(max-width: 960px) 100vw, 960px\" \/>\t\t\t\t\t\t\t\t\t\t\t\t\t\t\t<\/div>\n\t\t\t\t<div class=\"elementor-element elementor-element-5cb29792 elementor-widget__width-initial elementor-widget-mobile__width-inherit elementor-widget elementor-widget-text-editor\" data-id=\"5cb29792\" data-element_type=\"widget\" data-e-type=\"widget\" data-widget_type=\"text-editor.default\">\n\t\t\t\t\t\t\t\t\t<p>We&#039;ll be launching Dr. \u00c1ngela Casquero&#039;s new website very soon. In the meantime, we&#039;ll continue to serve you with the same kindness and professionalism as always.<\/p><p>Contact:<br \/>\u2013 \ud83d\udcde Phone: 923 XXX XXX<br \/>\u2013 \u2709\ufe0f Email: info@aqclinics.es<br \/>\u2013 \ud83d\udcf2 Instagram: @dra.angelacasquero<\/p><p>Need an appointment or have questions? Write or call us and we&#039;ll get back to you quickly.<\/p>\t\t\t\t\t\t\t\t<\/div>\n\t\t\t\t<div class=\"elementor-element elementor-element-478a78e elementor-align-left elementor-hidden-desktop elementor-hidden-tablet elementor-hidden-mobile elementor-widget elementor-widget-button\" data-id=\"478a78e\" data-element_type=\"widget\" data-e-type=\"widget\" data-widget_type=\"button.default\">\n\t\t\t\t\t\t\t\t\t\t<a class=\"elementor-button elementor-button-link elementor-size-sm elementor-animation-grow\" href=\"#\">\n\t\t\t\t\t\t<span class=\"elementor-button-content-wrapper\">\n\t\t\t\t\t\t\t\t\t<span class=\"elementor-button-text\">Learn more<\/span>\n\t\t\t\t\t<\/span>\n\t\t\t\t\t<\/a>\n\t\t\t\t\t\t\t\t<\/div>\n\t\t\t\t<\/div>\n\t\t\t\t<\/div>","protected":false},"excerpt":{"rendered":"<p>\u00a1Estamos construyendo algo incre\u00edble! Muy pronto lanzaremos la nueva web de la doctora \u00c1ngela Casquero. Mientras tanto, seguimos atendi\u00e9ndote con la misma cercan\u00eda y profesionalidad de siempre. Contacto:&#8211; \ud83d\udcde Tel\u00e9fono: 923\u00a0XXX\u00a0XXX&#8211; \u2709\ufe0f Email: info@aqclinics.es&#8211; \ud83d\udcf2 Instagram: @dra.angelacasquero \u00bfNecesitas una cita o tienes dudas? Escr\u00edbenos o ll\u00e1manos y te responderemos r\u00e1pidamente. Learn more<\/p>","protected":false},"author":1,"featured_media":0,"parent":0,"menu_order":0,"comment_status":"closed","ping_status":"closed","template":"elementor_header_footer","meta":{"footnotes":""},"class_list":["post-2364","page","type-page","status-publish","hentry"],"yoast_head":"<!-- This site is optimized with the Yoast SEO plugin v27.2 - https:\/\/yoast.com\/product\/yoast-seo-wordpress\/ -->\n<title>P\u00e1gina de construcci\u00f3n - aqclinics.com<\/title>\n<meta name=\"robots\" content=\"index, follow, max-snippet:-1, max-image-preview:large, max-video-preview:-1\" \/>\n<link rel=\"canonical\" href=\"https:\/\/aqclinics.com\/en\/elementor-2364\/\" \/>\n<meta property=\"og:locale\" content=\"en_US\" \/>\n<meta property=\"og:type\" content=\"article\" \/>\n<meta property=\"og:title\" content=\"P\u00e1gina de construcci\u00f3n - aqclinics.com\" \/>\n<meta property=\"og:description\" content=\"\u00a1Estamos construyendo algo incre\u00edble! Muy pronto lanzaremos la nueva web de la doctora \u00c1ngela Casquero. Mientras tanto, seguimos atendi\u00e9ndote con la misma cercan\u00eda y profesionalidad de siempre. Contacto:&#8211; \ud83d\udcde Tel\u00e9fono: 923\u00a0XXX\u00a0XXX&#8211; \u2709\ufe0f Email: info@aqclinics.es&#8211; \ud83d\udcf2 Instagram: @dra.angelacasquero \u00bfNecesitas una cita o tienes dudas? Escr\u00edbenos o ll\u00e1manos y te responderemos r\u00e1pidamente. Learn more\" \/>\n<meta property=\"og:url\" content=\"https:\/\/aqclinics.com\/en\/elementor-2364\/\" \/>\n<meta property=\"og:site_name\" content=\"aqclinics.com\" \/>\n<meta property=\"article:modified_time\" content=\"2025-07-17T11:01:12+00:00\" \/>\n<meta property=\"og:image\" content=\"https:\/\/aqclinics.com\/wp-content\/uploads\/2025\/07\/LOGO-AQ-CLINICS.png\" \/>\n\t<meta property=\"og:image:width\" content=\"2480\" \/>\n\t<meta property=\"og:image:height\" content=\"2480\" \/>\n\t<meta property=\"og:image:type\" content=\"image\/png\" \/>\n<meta name=\"twitter:card\" content=\"summary_large_image\" \/>\n<script type=\"application\/ld+json\" class=\"yoast-schema-graph\">{\"@context\":\"https:\/\/schema.org\",\"@graph\":[{\"@type\":\"WebPage\",\"@id\":\"https:\/\/aqclinics.com\/elementor-2364\/\",\"url\":\"https:\/\/aqclinics.com\/elementor-2364\/\",\"name\":\"P\u00e1gina de construcci\u00f3n - aqclinics.com\",\"isPartOf\":{\"@id\":\"https:\/\/aqclinics.com\/#website\"},\"primaryImageOfPage\":{\"@id\":\"https:\/\/aqclinics.com\/elementor-2364\/#primaryimage\"},\"image\":{\"@id\":\"https:\/\/aqclinics.com\/elementor-2364\/#primaryimage\"},\"thumbnailUrl\":\"https:\/\/aqclinics.com\/wp-content\/uploads\/2025\/07\/LOGO-AQ-CLINICS-1024x1024.png\",\"datePublished\":\"2025-07-17T10:39:12+00:00\",\"dateModified\":\"2025-07-17T11:01:12+00:00\",\"breadcrumb\":{\"@id\":\"https:\/\/aqclinics.com\/elementor-2364\/#breadcrumb\"},\"inLanguage\":\"en-US\",\"potentialAction\":[{\"@type\":\"ReadAction\",\"target\":[\"https:\/\/aqclinics.com\/elementor-2364\/\"]}]},{\"@type\":\"ImageObject\",\"inLanguage\":\"en-US\",\"@id\":\"https:\/\/aqclinics.com\/elementor-2364\/#primaryimage\",\"url\":\"https:\/\/aqclinics.com\/wp-content\/uploads\/2025\/07\/LOGO-AQ-CLINICS-1024x1024.png\",\"contentUrl\":\"https:\/\/aqclinics.com\/wp-content\/uploads\/2025\/07\/LOGO-AQ-CLINICS-1024x1024.png\"},{\"@type\":\"BreadcrumbList\",\"@id\":\"https:\/\/aqclinics.com\/elementor-2364\/#breadcrumb\",\"itemListElement\":[{\"@type\":\"ListItem\",\"position\":1,\"name\":\"Portada\",\"item\":\"https:\/\/aqclinics.com\/\"},{\"@type\":\"ListItem\",\"position\":2,\"name\":\"P\u00e1gina de construcci\u00f3n\"}]},{\"@type\":\"WebSite\",\"@id\":\"https:\/\/aqclinics.com\/#website\",\"url\":\"https:\/\/aqclinics.com\/\",\"name\":\"aqclinics.com\",\"description\":\"La Dra. \u00c1ngela Casquero, m\u00e9dico est\u00e9tico con amplia experiencia, combina ciencia y naturalidad para realzar la belleza de cada paciente con tratamientos seguros, personalizados y de \u00faltima generaci\u00f3n.\",\"publisher\":{\"@id\":\"https:\/\/aqclinics.com\/#organization\"},\"potentialAction\":[{\"@type\":\"SearchAction\",\"target\":{\"@type\":\"EntryPoint\",\"urlTemplate\":\"https:\/\/aqclinics.com\/?s={search_term_string}\"},\"query-input\":{\"@type\":\"PropertyValueSpecification\",\"valueRequired\":true,\"valueName\":\"search_term_string\"}}],\"inLanguage\":\"en-US\"},{\"@type\":\"Organization\",\"@id\":\"https:\/\/aqclinics.com\/#organization\",\"name\":\"aqclinics.com\",\"url\":\"https:\/\/aqclinics.com\/\",\"logo\":{\"@type\":\"ImageObject\",\"inLanguage\":\"en-US\",\"@id\":\"https:\/\/aqclinics.com\/#\/schema\/logo\/image\/\",\"url\":\"https:\/\/aqclinics.com\/wp-content\/uploads\/2021\/12\/3.png\",\"contentUrl\":\"https:\/\/aqclinics.com\/wp-content\/uploads\/2021\/12\/3.png\",\"width\":1024,\"height\":1024,\"caption\":\"aqclinics.com\"},\"image\":{\"@id\":\"https:\/\/aqclinics.com\/#\/schema\/logo\/image\/\"}}]}<\/script>\n<!-- \/ Yoast SEO plugin. -->","yoast_head_json":{"title":"P\u00e1gina de construcci\u00f3n - aqclinics.com","robots":{"index":"index","follow":"follow","max-snippet":"max-snippet:-1","max-image-preview":"max-image-preview:large","max-video-preview":"max-video-preview:-1"},"canonical":"https:\/\/aqclinics.com\/en\/elementor-2364\/","og_locale":"en_US","og_type":"article","og_title":"P\u00e1gina de construcci\u00f3n - aqclinics.com","og_description":"\u00a1Estamos construyendo algo incre\u00edble! Muy pronto lanzaremos la nueva web de la doctora \u00c1ngela Casquero. Mientras tanto, seguimos atendi\u00e9ndote con la misma cercan\u00eda y profesionalidad de siempre. Contacto:&#8211; \ud83d\udcde Tel\u00e9fono: 923\u00a0XXX\u00a0XXX&#8211; \u2709\ufe0f Email: info@aqclinics.es&#8211; \ud83d\udcf2 Instagram: @dra.angelacasquero \u00bfNecesitas una cita o tienes dudas? Escr\u00edbenos o ll\u00e1manos y te responderemos r\u00e1pidamente. Learn more","og_url":"https:\/\/aqclinics.com\/en\/elementor-2364\/","og_site_name":"aqclinics.com","article_modified_time":"2025-07-17T11:01:12+00:00","og_image":[{"width":2480,"height":2480,"url":"https:\/\/aqclinics.com\/wp-content\/uploads\/2025\/07\/LOGO-AQ-CLINICS.png","type":"image\/png"}],"twitter_card":"summary_large_image","schema":{"@context":"https:\/\/schema.org","@graph":[{"@type":"WebPage","@id":"https:\/\/aqclinics.com\/elementor-2364\/","url":"https:\/\/aqclinics.com\/elementor-2364\/","name":"P\u00e1gina de construcci\u00f3n - aqclinics.com","isPartOf":{"@id":"https:\/\/aqclinics.com\/#website"},"primaryImageOfPage":{"@id":"https:\/\/aqclinics.com\/elementor-2364\/#primaryimage"},"image":{"@id":"https:\/\/aqclinics.com\/elementor-2364\/#primaryimage"},"thumbnailUrl":"https:\/\/aqclinics.com\/wp-content\/uploads\/2025\/07\/LOGO-AQ-CLINICS-1024x1024.png","datePublished":"2025-07-17T10:39:12+00:00","dateModified":"2025-07-17T11:01:12+00:00","breadcrumb":{"@id":"https:\/\/aqclinics.com\/elementor-2364\/#breadcrumb"},"inLanguage":"en-US","potentialAction":[{"@type":"ReadAction","target":["https:\/\/aqclinics.com\/elementor-2364\/"]}]},{"@type":"ImageObject","inLanguage":"en-US","@id":"https:\/\/aqclinics.com\/elementor-2364\/#primaryimage","url":"https:\/\/aqclinics.com\/wp-content\/uploads\/2025\/07\/LOGO-AQ-CLINICS-1024x1024.png","contentUrl":"https:\/\/aqclinics.com\/wp-content\/uploads\/2025\/07\/LOGO-AQ-CLINICS-1024x1024.png"},{"@type":"BreadcrumbList","@id":"https:\/\/aqclinics.com\/elementor-2364\/#breadcrumb","itemListElement":[{"@type":"ListItem","position":1,"name":"Portada","item":"https:\/\/aqclinics.com\/"},{"@type":"ListItem","position":2,"name":"P\u00e1gina de construcci\u00f3n"}]},{"@type":"WebSite","@id":"https:\/\/aqclinics.com\/#website","url":"https:\/\/aqclinics.com\/","name":"aqclinics.com","description":"La Dra. \u00c1ngela Casquero, m\u00e9dico est\u00e9tico con amplia experiencia, combina ciencia y naturalidad para realzar la belleza de cada paciente con tratamientos seguros, personalizados y de \u00faltima generaci\u00f3n.","publisher":{"@id":"https:\/\/aqclinics.com\/#organization"},"potentialAction":[{"@type":"SearchAction","target":{"@type":"EntryPoint","urlTemplate":"https:\/\/aqclinics.com\/?s={search_term_string}"},"query-input":{"@type":"PropertyValueSpecification","valueRequired":true,"valueName":"search_term_string"}}],"inLanguage":"en-US"},{"@type":"Organization","@id":"https:\/\/aqclinics.com\/#organization","name":"aqclinics.com","url":"https:\/\/aqclinics.com\/","logo":{"@type":"ImageObject","inLanguage":"en-US","@id":"https:\/\/aqclinics.com\/#\/schema\/logo\/image\/","url":"https:\/\/aqclinics.com\/wp-content\/uploads\/2021\/12\/3.png","contentUrl":"https:\/\/aqclinics.com\/wp-content\/uploads\/2021\/12\/3.png","width":1024,"height":1024,"caption":"aqclinics.com"},"image":{"@id":"https:\/\/aqclinics.com\/#\/schema\/logo\/image\/"}}]}},"_links":{"self":[{"href":"https:\/\/aqclinics.com\/en\/wp-json\/wp\/v2\/pages\/2364","targetHints":{"allow":["GET"]}}],"collection":[{"href":"https:\/\/aqclinics.com\/en\/wp-json\/wp\/v2\/pages"}],"about":[{"href":"https:\/\/aqclinics.com\/en\/wp-json\/wp\/v2\/types\/page"}],"author":[{"embeddable":true,"href":"https:\/\/aqclinics.com\/en\/wp-json\/wp\/v2\/users\/1"}],"replies":[{"embeddable":true,"href":"https:\/\/aqclinics.com\/en\/wp-json\/wp\/v2\/comments?post=2364"}],"version-history":[{"count":8,"href":"https:\/\/aqclinics.com\/en\/wp-json\/wp\/v2\/pages\/2364\/revisions"}],"predecessor-version":[{"id":2391,"href":"https:\/\/aqclinics.com\/en\/wp-json\/wp\/v2\/pages\/2364\/revisions\/2391"}],"wp:attachment":[{"href":"https:\/\/aqclinics.com\/en\/wp-json\/wp\/v2\/media?parent=2364"}],"curies":[{"name":"wp","href":"https:\/\/api.w.org\/{rel}","templated":true}]}}